{"id":58,"date":"2014-09-30T21:28:31","date_gmt":"2014-09-30T19:28:31","guid":{"rendered":"https:\/\/www.ilpastaro.de\/shop2\/?page_id=58"},"modified":"2023-01-27T02:33:45","modified_gmt":"2023-01-27T01:33:45","slug":"snacks","status":"publish","type":"page","link":"https:\/\/www.ilpastaro.de\/shop2\/our-menu\/snacks\/","title":{"rendered":"Vorspeisen"},"content":{"rendered":"<h3 style=\"text-align: center;\"><a href=\"https:\/\/www.ilpastaro.de\/shop2\/wp-content\/uploads\/2014\/09\/vorspeisen.jpg\" target=\"_blank\" rel=\"noopener noreferrer\"><img loading=\"lazy\" decoding=\"async\" class=\"aligncenter wp-image-1048\" src=\"https:\/\/www.ilpastaro.de\/shop2\/wp-content\/uploads\/2014\/09\/vorspeisen-1024x599.jpg\" alt=\"\" width=\"732\" height=\"428\" srcset=\"https:\/\/www.ilpastaro.de\/shop2\/wp-content\/uploads\/2014\/09\/vorspeisen.jpg 1024w, https:\/\/www.ilpastaro.de\/shop2\/wp-content\/uploads\/2014\/09\/vorspeisen-300x175.jpg 300w, https:\/\/www.ilpastaro.de\/shop2\/wp-content\/uploads\/2014\/09\/vorspeisen-890x520.jpg 890w, https:\/\/www.ilpastaro.de\/shop2\/wp-content\/uploads\/2014\/09\/vorspeisen-195x114.jpg 195w\" sizes=\"auto, (max-width: 732px) 100vw, 732px\" \/><\/a><\/h3>\n<h3 style=\"text-align: center;\"><strong>(<\/strong><strong><span class=\"st\"><em>alle preise verstehen sich inkl. <span class=\"ILfuVd\"><span class=\"e24Kjd\"><b>MwSt<\/b>.<\/span><\/span>. ab 12\u20ac Versandkostenfrei<\/em><\/span><\/strong><strong><span class=\"st\"><em>)<\/em><\/span><\/strong><\/h3>\n<h3 style=\"text-align: center;\"><strong><span class=\"st\"><em>\u00a0<\/em><\/span><\/strong><\/h3>\n<p style=\"text-align: center;\"><article id=\"post-44\" class=\"wppizza-article wppizza-article-default  wppizza-article-first wppizza-article-snacks wppizza-article-snacks-8 wppizza_menu-snacks wppizza_menu-term-8 entry-content post-44 wppizza type-wppizza status-publish has-post-thumbnail hentry description-off\"><div id=\"wppizza-article-img-44\" class=\"wppizza-article-image\"><a href=\"https:\/\/www.ilpastaro.de\/shop2\/wp-content\/uploads\/2014\/09\/1.png\" rel=\"wpzpp-snack-a\" title=\"01 &#8211; Parma e Melone\"><img loading=\"lazy\" decoding=\"async\" width=\"64\" height=\"64\" src=\"https:\/\/www.ilpastaro.de\/shop2\/wp-content\/uploads\/2014\/09\/1-64x64.png\" class=\"wppizza-article-image-thumb wp-post-image\" alt=\"\" title=\"01 &#8211; Parma e Melone\" \/><\/a><\/div><h2 id=\"wppizza-article-1-8-44-5-0\" class=\"wppizza-article-h2  wppizza-trigger-click\"><span class=\"wppizza-article-title\">01 - Parma e Melone<\/span><\/h2><div id=\"wppizza-article-sizes-44\" class=\"wppizza-article-sizes wppizza-article-prices-5\"><ul><li id=\"wppizza-article-prices-44\" class=\"wppizza-article-prices\" ><ul><li id=\"wppizza-1-8-44-5-0\" class=\"wppizza-article-price wppizza-article-price-5-0 wppizza-price-44-0 wppizza-add-to-cart\"  title=\"In in den Warenkorb\"  data-id=\"1.8.44.5.0\" ><span class=\"\">10,50<\/span><div class=\"wppizza-article-size\"><\/div><\/li><\/ul><\/li><li class=\"wppizza-article-price-currency wppizza-article-price-left\">\u20ac<\/li><\/ul><\/div><div id=\"wppizza-article-content-44\" class=\"wppizza-article-content\"><p><strong>Parmaschinken und Melone (saison bedingt)<\/strong><\/p>\n<p>&nbsp;<\/p>\n<\/div><\/article><article id=\"post-45\" class=\"wppizza-article wppizza-article-default  wppizza-article-snacks wppizza-article-snacks-8 wppizza_menu-snacks wppizza_menu-term-8 entry-content post-45 wppizza type-wppizza status-publish has-post-thumbnail hentry description-off\"><div id=\"wppizza-article-img-45\" class=\"wppizza-article-image\"><a href=\"https:\/\/www.ilpastaro.de\/shop2\/wp-content\/uploads\/2014\/09\/2.png\" rel=\"wpzpp-snack-b\" title=\"02 &#8211; Antipasto di Mare\"><img loading=\"lazy\" decoding=\"async\" width=\"64\" height=\"64\" src=\"https:\/\/www.ilpastaro.de\/shop2\/wp-content\/uploads\/2014\/09\/2-64x64.png\" class=\"wppizza-article-image-thumb wp-post-image\" alt=\"\" title=\"02 &#8211; Antipasto di Mare\" \/><\/a><\/div><h2 id=\"wppizza-article-1-8-45-5-0\" class=\"wppizza-article-h2  wppizza-trigger-click\"><span class=\"wppizza-article-title\">02 - Antipasto di Mare<\/span><\/h2><div id=\"wppizza-article-sizes-45\" class=\"wppizza-article-sizes wppizza-article-prices-5\"><ul><li id=\"wppizza-article-prices-45\" class=\"wppizza-article-prices\" ><ul><li id=\"wppizza-1-8-45-5-0\" class=\"wppizza-article-price wppizza-article-price-5-0 wppizza-price-45-0 wppizza-add-to-cart\"  title=\"In in den Warenkorb\"  data-id=\"1.8.45.5.0\" ><span class=\"\">11,00<\/span><div class=\"wppizza-article-size\"><\/div><\/li><\/ul><\/li><li class=\"wppizza-article-price-currency wppizza-article-price-left\">\u20ac<\/li><\/ul><\/div><div id=\"wppizza-article-content-45\" class=\"wppizza-article-content\"><p><strong>Meeresfr\u00fcchte Vorspeisen<\/strong><\/p>\n<p>&nbsp;<\/p>\n<\/div><\/article><article id=\"post-46\" class=\"wppizza-article wppizza-article-default  wppizza-article-snacks wppizza-article-snacks-8 wppizza_menu-snacks wppizza_menu-term-8 entry-content post-46 wppizza type-wppizza status-publish has-post-thumbnail hentry description-off\"><div id=\"wppizza-article-img-46\" class=\"wppizza-article-image\"><a href=\"https:\/\/www.ilpastaro.de\/shop2\/wp-content\/uploads\/2014\/09\/31.png\" rel=\"wpzpp-snack-c\" title=\"03 &#8211; Pomodori Caprese\"><img loading=\"lazy\" decoding=\"async\" width=\"64\" height=\"64\" src=\"https:\/\/www.ilpastaro.de\/shop2\/wp-content\/uploads\/2014\/09\/31-64x64.png\" class=\"wppizza-article-image-thumb wp-post-image\" alt=\"\" title=\"03 &#8211; Pomodori Caprese\" \/><\/a><\/div><h2 id=\"wppizza-article-1-8-46-5-0\" class=\"wppizza-article-h2  wppizza-trigger-click\"><span class=\"wppizza-article-title\">03 - Pomodori Caprese<\/span><\/h2><div id=\"wppizza-article-sizes-46\" class=\"wppizza-article-sizes wppizza-article-prices-5\"><ul><li id=\"wppizza-article-prices-46\" class=\"wppizza-article-prices\" ><ul><li id=\"wppizza-1-8-46-5-0\" class=\"wppizza-article-price wppizza-article-price-5-0 wppizza-price-46-0 wppizza-add-to-cart\"  title=\"In in den Warenkorb\"  data-id=\"1.8.46.5.0\" ><span class=\"\">8,50<\/span><div class=\"wppizza-article-size\"><\/div><\/li><\/ul><\/li><li class=\"wppizza-article-price-currency wppizza-article-price-left\">\u20ac<\/li><\/ul><\/div><div id=\"wppizza-article-content-46\" class=\"wppizza-article-content\"><p><strong>Mozzarella und Tomaten<\/strong><\/p>\n<p>&nbsp;<\/p>\n<\/div><\/article><article id=\"post-47\" class=\"wppizza-article wppizza-article-default  wppizza-article-snacks wppizza-article-snacks-8 wppizza_menu-snacks wppizza_menu-term-8 entry-content post-47 wppizza type-wppizza status-publish has-post-thumbnail hentry description-off\"><div id=\"wppizza-article-img-47\" class=\"wppizza-article-image\"><a href=\"https:\/\/www.ilpastaro.de\/shop2\/wp-content\/uploads\/2014\/09\/42.png\" rel=\"wpzpp-snack-d\" title=\"04 &#8211; Carpaccio\"><img loading=\"lazy\" decoding=\"async\" width=\"64\" height=\"64\" src=\"https:\/\/www.ilpastaro.de\/shop2\/wp-content\/uploads\/2014\/09\/42-64x64.png\" class=\"wppizza-article-image-thumb wp-post-image\" alt=\"\" title=\"04 &#8211; Carpaccio\" \/><\/a><\/div><h2 id=\"wppizza-article-1-8-47-5-0\" class=\"wppizza-article-h2  wppizza-trigger-click\"><span class=\"wppizza-article-title\">04 - Carpaccio<\/span><\/h2><div id=\"wppizza-article-sizes-47\" class=\"wppizza-article-sizes wppizza-article-prices-5\"><ul><li id=\"wppizza-article-prices-47\" class=\"wppizza-article-prices\" ><ul><li id=\"wppizza-1-8-47-5-0\" class=\"wppizza-article-price wppizza-article-price-5-0 wppizza-price-47-0 wppizza-add-to-cart\"  title=\"In in den Warenkorb\"  data-id=\"1.8.47.5.0\" ><span class=\"\">12,00<\/span><div class=\"wppizza-article-size\"><\/div><\/li><\/ul><\/li><li class=\"wppizza-article-price-currency wppizza-article-price-left\">\u20ac<\/li><\/ul><\/div><div id=\"wppizza-article-content-47\" class=\"wppizza-article-content\"><p><strong>rohe Rinderfiletscheiben mit Parmesank\u00e4se<\/strong><\/p>\n<p>&nbsp;<\/p>\n<\/div><\/article><article id=\"post-48\" class=\"wppizza-article wppizza-article-default  wppizza-article-snacks wppizza-article-snacks-8 wppizza_menu-snacks wppizza_menu-term-8 entry-content post-48 wppizza type-wppizza status-publish has-post-thumbnail hentry description-off\"><div id=\"wppizza-article-img-48\" class=\"wppizza-article-image\"><a href=\"https:\/\/www.ilpastaro.de\/shop2\/wp-content\/uploads\/2014\/09\/4a1.png\" rel=\"wpzpp-snack-e\" title=\"04 A &#8211; Carpaccio mit Rucola\"><img loading=\"lazy\" decoding=\"async\" width=\"64\" height=\"64\" src=\"https:\/\/www.ilpastaro.de\/shop2\/wp-content\/uploads\/2014\/09\/4a1-64x64.png\" class=\"wppizza-article-image-thumb wp-post-image\" alt=\"\" title=\"04 A &#8211; Carpaccio mit Rucola\" \/><\/a><\/div><h2 id=\"wppizza-article-1-8-48-5-0\" class=\"wppizza-article-h2  wppizza-trigger-click\"><span class=\"wppizza-article-title\">04 A - Carpaccio mit Rucola<\/span><\/h2><div id=\"wppizza-article-sizes-48\" class=\"wppizza-article-sizes wppizza-article-prices-5\"><ul><li id=\"wppizza-article-prices-48\" class=\"wppizza-article-prices\" ><ul><li id=\"wppizza-1-8-48-5-0\" class=\"wppizza-article-price wppizza-article-price-5-0 wppizza-price-48-0 wppizza-add-to-cart\"  title=\"In in den Warenkorb\"  data-id=\"1.8.48.5.0\" ><span class=\"\">13,00<\/span><div class=\"wppizza-article-size\"><\/div><\/li><\/ul><\/li><li class=\"wppizza-article-price-currency wppizza-article-price-left\">\u20ac<\/li><\/ul><\/div><div id=\"wppizza-article-content-48\" class=\"wppizza-article-content\"><p><strong>rohe Rinderfiletscheiben mit Parmesank\u00e4se<\/strong> <strong>und Rucolasalat<\/strong><\/p>\n<p>&nbsp;<\/p>\n<\/div><\/article><article id=\"post-49\" class=\"wppizza-article wppizza-article-default  wppizza-article-snacks wppizza-article-snacks-8 wppizza_menu-snacks wppizza_menu-term-8 entry-content post-49 wppizza type-wppizza status-publish has-post-thumbnail hentry description-off\"><div id=\"wppizza-article-img-49\" class=\"wppizza-article-image\"><a href=\"https:\/\/www.ilpastaro.de\/shop2\/wp-content\/uploads\/2014\/09\/5.png\" rel=\"wpzpp-snack-f\" title=\"05 &#8211; Frittata con Funghi\"><img loading=\"lazy\" decoding=\"async\" width=\"64\" height=\"64\" src=\"https:\/\/www.ilpastaro.de\/shop2\/wp-content\/uploads\/2014\/09\/5-64x64.png\" class=\"wppizza-article-image-thumb wp-post-image\" alt=\"\" title=\"05 &#8211; Frittata con Funghi\" \/><\/a><\/div><h2 id=\"wppizza-article-1-8-49-5-0\" class=\"wppizza-article-h2  wppizza-trigger-click\"><span class=\"wppizza-article-title\">05 - Frittata con Funghi<\/span><\/h2><div id=\"wppizza-article-sizes-49\" class=\"wppizza-article-sizes wppizza-article-prices-5\"><ul><li id=\"wppizza-article-prices-49\" class=\"wppizza-article-prices\" ><ul><li id=\"wppizza-1-8-49-5-0\" class=\"wppizza-article-price wppizza-article-price-5-0 wppizza-price-49-0 wppizza-add-to-cart\"  title=\"In in den Warenkorb\"  data-id=\"1.8.49.5.0\" ><span class=\"\">8,50<\/span><div class=\"wppizza-article-size\"><\/div><\/li><\/ul><\/li><li class=\"wppizza-article-price-currency wppizza-article-price-left\">\u20ac<\/li><\/ul><\/div><div id=\"wppizza-article-content-49\" class=\"wppizza-article-content\"><p><strong>Omelette mit Pilzen<\/strong><\/p>\n<\/div><\/article><article id=\"post-473\" class=\"wppizza-article wppizza-article-default  wppizza-article-snacks wppizza-article-snacks-8 wppizza_menu-snacks wppizza_menu-term-8 entry-content post-473 wppizza type-wppizza status-publish has-post-thumbnail hentry description-off\"><div id=\"wppizza-article-img-473\" class=\"wppizza-article-image\"><a href=\"https:\/\/www.ilpastaro.de\/shop2\/wp-content\/uploads\/2015\/03\/6.png\" rel=\"wpzpp-frittata-con-prosciutto\" title=\"06 &#8211; Frittata con Prosciutto\"><img loading=\"lazy\" decoding=\"async\" width=\"64\" height=\"64\" src=\"https:\/\/www.ilpastaro.de\/shop2\/wp-content\/uploads\/2015\/03\/6-64x64.png\" class=\"wppizza-article-image-thumb wp-post-image\" alt=\"\" title=\"06 &#8211; Frittata con Prosciutto\" \/><\/a><\/div><h2 id=\"wppizza-article-1-8-473-5-0\" class=\"wppizza-article-h2  wppizza-trigger-click\"><span class=\"wppizza-article-title\">06 - Frittata con Prosciutto<\/span><\/h2><div id=\"wppizza-article-sizes-473\" class=\"wppizza-article-sizes wppizza-article-prices-5\"><ul><li id=\"wppizza-article-prices-473\" class=\"wppizza-article-prices\" ><ul><li id=\"wppizza-1-8-473-5-0\" class=\"wppizza-article-price wppizza-article-price-5-0 wppizza-price-473-0 wppizza-add-to-cart\"  title=\"In in den Warenkorb\"  data-id=\"1.8.473.5.0\" ><span class=\"\">8,50<\/span><div class=\"wppizza-article-size\"><\/div><\/li><\/ul><\/li><li class=\"wppizza-article-price-currency wppizza-article-price-left\">\u20ac<\/li><\/ul><\/div><div id=\"wppizza-article-content-473\" class=\"wppizza-article-content\"><p><strong>Omelette mit Schinken<\/strong><\/p>\n<p>&nbsp;<\/p>\n<\/div><\/article><article id=\"post-629\" class=\"wppizza-article wppizza-article-default  wppizza-article-snacks wppizza-article-snacks-8 wppizza_menu-snacks wppizza_menu-term-8 entry-content post-629 wppizza type-wppizza status-publish has-post-thumbnail hentry description-off\"><div id=\"wppizza-article-img-629\" class=\"wppizza-article-image\"><a href=\"https:\/\/www.ilpastaro.de\/shop2\/wp-content\/uploads\/2015\/04\/omlettebolognese.png\" rel=\"wpzpp-frittata-bolognese\" title=\"07 &#8211; Frittata Bolognese\"><img loading=\"lazy\" decoding=\"async\" width=\"64\" height=\"64\" src=\"https:\/\/www.ilpastaro.de\/shop2\/wp-content\/uploads\/2015\/04\/omlettebolognese-64x64.png\" class=\"wppizza-article-image-thumb wp-post-image\" alt=\"\" title=\"07 &#8211; Frittata Bolognese\" srcset=\"https:\/\/www.ilpastaro.de\/shop2\/wp-content\/uploads\/2015\/04\/omlettebolognese-64x64.png 64w, https:\/\/www.ilpastaro.de\/shop2\/wp-content\/uploads\/2015\/04\/omlettebolognese-300x296.png 300w, https:\/\/www.ilpastaro.de\/shop2\/wp-content\/uploads\/2015\/04\/omlettebolognese-116x114.png 116w, https:\/\/www.ilpastaro.de\/shop2\/wp-content\/uploads\/2015\/04\/omlettebolognese.png 400w\" sizes=\"auto, (max-width: 64px) 100vw, 64px\" \/><\/a><\/div><h2 id=\"wppizza-article-1-8-629-5-0\" class=\"wppizza-article-h2  wppizza-trigger-click\"><span class=\"wppizza-article-title\">07 - Frittata Bolognese<\/span><\/h2><div id=\"wppizza-article-sizes-629\" class=\"wppizza-article-sizes wppizza-article-prices-5\"><ul><li id=\"wppizza-article-prices-629\" class=\"wppizza-article-prices\" ><ul><li id=\"wppizza-1-8-629-5-0\" class=\"wppizza-article-price wppizza-article-price-5-0 wppizza-price-629-0 wppizza-add-to-cart\"  title=\"In in den Warenkorb\"  data-id=\"1.8.629.5.0\" ><span class=\"\">9,00<\/span><div class=\"wppizza-article-size\"><\/div><\/li><\/ul><\/li><li class=\"wppizza-article-price-currency wppizza-article-price-left\">\u20ac<\/li><\/ul><\/div><div id=\"wppizza-article-content-629\" class=\"wppizza-article-content\"><p><strong>Omelette mit Rinderhackfleischso\u00dfe<\/strong><\/p>\n<p>&nbsp;<\/p>\n<p>&nbsp;<\/p>\n<\/div><\/article><article id=\"post-649\" class=\"wppizza-article wppizza-article-default  wppizza-article-snacks wppizza-article-snacks-8 wppizza_menu-snacks wppizza_menu-term-8 entry-content post-649 wppizza type-wppizza status-publish has-post-thumbnail hentry description-off\"><div id=\"wppizza-article-img-649\" class=\"wppizza-article-image\"><a href=\"https:\/\/www.ilpastaro.de\/shop2\/wp-content\/uploads\/2015\/04\/171.png\" rel=\"wpzpp-vorspeisen-aus-der-vitrine-kleine\" title=\"171 &#8211; Vorspeisen aus der Vitrine\"><img loading=\"lazy\" decoding=\"async\" width=\"64\" height=\"64\" src=\"https:\/\/www.ilpastaro.de\/shop2\/wp-content\/uploads\/2015\/04\/171-64x64.png\" class=\"wppizza-article-image-thumb wp-post-image\" alt=\"\" title=\"171 &#8211; Vorspeisen aus der Vitrine\" \/><\/a><\/div><h2 id=\"wppizza-article-1-8-649-18-0\" class=\"wppizza-article-h2  wppizza-trigger-choose\"><span class=\"wppizza-article-title\">171 - Vorspeisen aus der Vitrine<\/span><\/h2><div id=\"wppizza-article-sizes-649\" class=\"wppizza-article-sizes wppizza-article-prices-18\"><ul><li id=\"wppizza-article-prices-649\" class=\"wppizza-article-prices\" ><ul><li id=\"wppizza-1-8-649-18-0\" class=\"wppizza-article-price wppizza-article-price-18-0 wppizza-price-649-0 wppizza-add-to-cart\"  title=\"In in den Warenkorb\"  data-id=\"1.8.649.18.0\" ><span class=\"\">9,00<\/span><div class=\"wppizza-article-size\">Klein<\/div><\/li><li id=\"wppizza-1-8-649-18-1\" class=\"wppizza-article-price wppizza-article-price-18-1 wppizza-price-649-1 wppizza-add-to-cart\"  title=\"In in den Warenkorb\"  data-id=\"1.8.649.18.1\" ><span class=\"\">12,50<\/span><div class=\"wppizza-article-size\">Gro\u00df<\/div><\/li><\/ul><\/li><li class=\"wppizza-article-price-currency wppizza-article-price-left\">\u20ac<\/li><\/ul><\/div><div id=\"wppizza-article-content-649\" class=\"wppizza-article-content\"><p><strong> T\u00e4gliche frische Gem\u00fcse Variationen\u00a0 aus der Vitrine<\/strong><\/p>\n<p>&nbsp;<\/p>\n<\/div><\/article><article id=\"post-736\" class=\"wppizza-article wppizza-article-default  wppizza-article-snacks wppizza-article-snacks-8 wppizza_menu-snacks wppizza_menu-term-8 entry-content post-736 wppizza type-wppizza status-publish has-post-thumbnail hentry description-off\"><div id=\"wppizza-article-img-736\" class=\"wppizza-article-image\"><a href=\"https:\/\/www.ilpastaro.de\/shop2\/wp-content\/uploads\/2015\/05\/lumacheaglio.png\" rel=\"wpzpp-lumache-all-aglio\" title=\"8 A &#8211; Lumache all&#8217;Aglio\"><img loading=\"lazy\" decoding=\"async\" width=\"64\" height=\"64\" src=\"https:\/\/www.ilpastaro.de\/shop2\/wp-content\/uploads\/2015\/05\/lumacheaglio-64x64.png\" class=\"wppizza-article-image-thumb wp-post-image\" alt=\"\" title=\"8 A &#8211; Lumache all&#8217;Aglio\" \/><\/a><\/div><h2 id=\"wppizza-article-1-8-736-5-0\" class=\"wppizza-article-h2  wppizza-trigger-click\"><span class=\"wppizza-article-title\">8 A - Lumache all'Aglio<\/span><\/h2><div id=\"wppizza-article-sizes-736\" class=\"wppizza-article-sizes wppizza-article-prices-5\"><ul><li id=\"wppizza-article-prices-736\" class=\"wppizza-article-prices\" ><ul><li id=\"wppizza-1-8-736-5-0\" class=\"wppizza-article-price wppizza-article-price-5-0 wppizza-price-736-0 wppizza-add-to-cart\"  title=\"In in den Warenkorb\"  data-id=\"1.8.736.5.0\" ><span class=\"\">8,50<\/span><div class=\"wppizza-article-size\"><\/div><\/li><\/ul><\/li><li class=\"wppizza-article-price-currency wppizza-article-price-left\">\u20ac<\/li><\/ul><\/div><div id=\"wppizza-article-content-736\" class=\"wppizza-article-content\"><p><strong>Schnecken in Knoblauchso\u00dfe<\/strong><\/p>\n<p>&nbsp;<\/p>\n<\/div><\/article><article id=\"post-1467\" class=\"wppizza-article wppizza-article-default  wppizza-article-snacks wppizza-article-snacks-8 wppizza_menu-snacks wppizza_menu-term-8 entry-content post-1467 wppizza type-wppizza status-publish has-post-thumbnail hentry description-off\"><div id=\"wppizza-article-img-1467\" class=\"wppizza-article-image\"><a href=\"https:\/\/www.ilpastaro.de\/shop2\/wp-content\/uploads\/2019\/07\/lumache_diavolo.png\" rel=\"wpzpp-8-b-lumache-diavolo\" title=\"8 B &#8211; Lumache Diavolo\"><img loading=\"lazy\" decoding=\"async\" width=\"64\" height=\"64\" src=\"https:\/\/www.ilpastaro.de\/shop2\/wp-content\/uploads\/2019\/07\/lumache_diavolo-64x64.png\" class=\"wppizza-article-image-thumb wp-post-image\" alt=\"\" title=\"8 B &#8211; Lumache Diavolo\" \/><\/a><\/div><h2 id=\"wppizza-article-1-8-1467-5-0\" class=\"wppizza-article-h2  wppizza-trigger-click\"><span class=\"wppizza-article-title\">8 B - Lumache Diavolo<\/span><\/h2><div id=\"wppizza-article-sizes-1467\" class=\"wppizza-article-sizes wppizza-article-prices-5\"><ul><li id=\"wppizza-article-prices-1467\" class=\"wppizza-article-prices\" ><ul><li id=\"wppizza-1-8-1467-5-0\" class=\"wppizza-article-price wppizza-article-price-5-0 wppizza-price-1467-0 wppizza-add-to-cart\"  title=\"In in den Warenkorb\"  data-id=\"1.8.1467.5.0\" ><span class=\"\">9,00<\/span><div class=\"wppizza-article-size\"><\/div><\/li><\/ul><\/li><li class=\"wppizza-article-price-currency wppizza-article-price-left\">\u20ac<\/li><\/ul><\/div><div id=\"wppizza-article-content-1467\" class=\"wppizza-article-content\"><p><strong>Schnecken in Scharf Tomatenso\u00dfe<\/strong><\/p>\n<p><strong>\u00a0<\/strong><\/p>\n<p>&nbsp;<\/p>\n<\/div><\/article><article id=\"post-1469\" class=\"wppizza-article wppizza-article-default  wppizza-article-snacks wppizza-article-snacks-8 wppizza_menu-snacks wppizza_menu-term-8 entry-content post-1469 wppizza type-wppizza status-publish has-post-thumbnail hentry description-off\"><div id=\"wppizza-article-img-1469\" class=\"wppizza-article-image\"><a href=\"https:\/\/www.ilpastaro.de\/shop2\/wp-content\/uploads\/2019\/07\/lumache_diavolo.png\" rel=\"wpzpp-8-c-lumache-al-forno\" title=\"8 C &#8211; Lumache al Forno\"><img loading=\"lazy\" decoding=\"async\" width=\"64\" height=\"64\" src=\"https:\/\/www.ilpastaro.de\/shop2\/wp-content\/uploads\/2019\/07\/lumache_diavolo-64x64.png\" class=\"wppizza-article-image-thumb wp-post-image\" alt=\"\" title=\"8 C &#8211; Lumache al Forno\" \/><\/a><\/div><h2 id=\"wppizza-article-1-8-1469-5-0\" class=\"wppizza-article-h2  wppizza-trigger-click\"><span class=\"wppizza-article-title\">8 C - Lumache al Forno<\/span><\/h2><div id=\"wppizza-article-sizes-1469\" class=\"wppizza-article-sizes wppizza-article-prices-5\"><ul><li id=\"wppizza-article-prices-1469\" class=\"wppizza-article-prices\" ><ul><li id=\"wppizza-1-8-1469-5-0\" class=\"wppizza-article-price wppizza-article-price-5-0 wppizza-price-1469-0 wppizza-add-to-cart\"  title=\"In in den Warenkorb\"  data-id=\"1.8.1469.5.0\" ><span class=\"\">9,50<\/span><div class=\"wppizza-article-size\"><\/div><\/li><\/ul><\/li><li class=\"wppizza-article-price-currency wppizza-article-price-left\">\u20ac<\/li><\/ul><\/div><div id=\"wppizza-article-content-1469\" class=\"wppizza-article-content\"><p><strong>Schnecken mit Tomatenso\u00dfe und K\u00e4se \u00dcberbacken<\/strong><\/p>\n<p>&nbsp;<\/p>\n<\/div><\/article><article id=\"post-725\" class=\"wppizza-article wppizza-article-default  wppizza-article-snacks wppizza-article-snacks-8 wppizza_menu-snacks wppizza_menu-term-8 entry-content post-725 wppizza type-wppizza status-publish has-post-thumbnail hentry description-off\"><div id=\"wppizza-article-img-725\" class=\"wppizza-article-image\"><a href=\"https:\/\/www.ilpastaro.de\/shop2\/wp-content\/uploads\/2015\/05\/zuppa.png\" rel=\"wpzpp-zuppa-di-pomodoro\" title=\"8 D &#8211; Zuppa Di Pomodoro\"><img loading=\"lazy\" decoding=\"async\" width=\"64\" height=\"64\" src=\"https:\/\/www.ilpastaro.de\/shop2\/wp-content\/uploads\/2015\/05\/zuppa-64x64.png\" class=\"wppizza-article-image-thumb wp-post-image\" alt=\"\" title=\"8 D &#8211; Zuppa Di Pomodoro\" \/><\/a><\/div><h2 id=\"wppizza-article-1-8-725-5-0\" class=\"wppizza-article-h2  wppizza-trigger-click\"><span class=\"wppizza-article-title\">8 D - Zuppa Di Pomodoro<\/span><\/h2><div id=\"wppizza-article-sizes-725\" class=\"wppizza-article-sizes wppizza-article-prices-5\"><ul><li id=\"wppizza-article-prices-725\" class=\"wppizza-article-prices\" ><ul><li id=\"wppizza-1-8-725-5-0\" class=\"wppizza-article-price wppizza-article-price-5-0 wppizza-price-725-0 wppizza-add-to-cart\"  title=\"In in den Warenkorb\"  data-id=\"1.8.725.5.0\" ><span class=\"\">8,50<\/span><div class=\"wppizza-article-size\"><\/div><\/li><\/ul><\/li><li class=\"wppizza-article-price-currency wppizza-article-price-left\">\u20ac<\/li><\/ul><\/div><div id=\"wppizza-article-content-725\" class=\"wppizza-article-content\"><p><strong>Tomatensuppe<\/strong><\/p>\n<p>&nbsp;<\/p>\n<\/div><\/article><article id=\"post-593\" class=\"wppizza-article wppizza-article-default  wppizza-article-last wppizza-article-snacks wppizza-article-snacks-8 wppizza_menu-snacks wppizza_menu-term-8 entry-content post-593 wppizza type-wppizza status-publish has-post-thumbnail hentry description-off\"><div id=\"wppizza-article-img-593\" class=\"wppizza-article-image\"><a href=\"https:\/\/www.ilpastaro.de\/shop2\/wp-content\/uploads\/2014\/09\/b1.png\" rel=\"wpzpp-bruschetta\" title=\"B1 &#8211; Bruschetta\"><img loading=\"lazy\" decoding=\"async\" width=\"64\" height=\"64\" src=\"https:\/\/www.ilpastaro.de\/shop2\/wp-content\/uploads\/2014\/09\/b1-64x64.png\" class=\"wppizza-article-image-thumb wp-post-image\" alt=\"\" title=\"B1 &#8211; Bruschetta\" \/><\/a><\/div><h2 id=\"wppizza-article-1-8-593-5-0\" class=\"wppizza-article-h2  wppizza-trigger-click\"><span class=\"wppizza-article-title\">B1 - Bruschetta<\/span><\/h2><div id=\"wppizza-article-sizes-593\" class=\"wppizza-article-sizes wppizza-article-prices-5\"><ul><li id=\"wppizza-article-prices-593\" class=\"wppizza-article-prices\" ><ul><li id=\"wppizza-1-8-593-5-0\" class=\"wppizza-article-price wppizza-article-price-5-0 wppizza-price-593-0 wppizza-add-to-cart\"  title=\"In in den Warenkorb\"  data-id=\"1.8.593.5.0\" ><span class=\"\">1,00<\/span><div class=\"wppizza-article-size\"><\/div><\/li><\/ul><\/li><li class=\"wppizza-article-price-currency wppizza-article-price-left\">\u20ac<\/li><\/ul><\/div><div id=\"wppizza-article-content-593\" class=\"wppizza-article-content\"><p><strong>Ger\u00f6stetes Brot mit Tomaten, Knoblauch, Zwiebeln<br \/>\n<\/strong><\/p>\n<p>&nbsp;<\/p>\n<\/div><\/article><\/p>\n<p style=\"text-align: center;\"><code><\/code><\/p>\n","protected":false},"excerpt":{"rendered":"<p>(alle preise verstehen sich inkl. MwSt.. ab 12\u20ac Versandkostenfrei) \u00a0<\/p>\n","protected":false},"author":1,"featured_media":0,"parent":50,"menu_order":6,"comment_status":"closed","ping_status":"closed","template":"","meta":{"_joinchat":[],"footnotes":""},"class_list":["post-58","page","type-page","status-publish","hentry","description-off"],"_links":{"self":[{"href":"https:\/\/www.ilpastaro.de\/shop2\/wp-json\/wp\/v2\/pages\/58","targetHints":{"allow":["GET"]}}],"collection":[{"href":"https:\/\/www.ilpastaro.de\/shop2\/wp-json\/wp\/v2\/pages"}],"about":[{"href":"https:\/\/www.ilpastaro.de\/shop2\/wp-json\/wp\/v2\/types\/page"}],"author":[{"embeddable":true,"href":"https:\/\/www.ilpastaro.de\/shop2\/wp-json\/wp\/v2\/users\/1"}],"replies":[{"embeddable":true,"href":"https:\/\/www.ilpastaro.de\/shop2\/wp-json\/wp\/v2\/comments?post=58"}],"version-history":[{"count":22,"href":"https:\/\/www.ilpastaro.de\/shop2\/wp-json\/wp\/v2\/pages\/58\/revisions"}],"predecessor-version":[{"id":1943,"href":"https:\/\/www.ilpastaro.de\/shop2\/wp-json\/wp\/v2\/pages\/58\/revisions\/1943"}],"up":[{"embeddable":true,"href":"https:\/\/www.ilpastaro.de\/shop2\/wp-json\/wp\/v2\/pages\/50"}],"wp:attachment":[{"href":"https:\/\/www.ilpastaro.de\/shop2\/wp-json\/wp\/v2\/media?parent=58"}],"curies":[{"name":"wp","href":"https:\/\/api.w.org\/{rel}","templated":true}]}}