{"id":56,"date":"2014-09-30T21:28:31","date_gmt":"2014-09-30T19:28:31","guid":{"rendered":"https:\/\/www.ilpastaro.de\/shop2\/?page_id=56"},"modified":"2023-01-27T02:39:03","modified_gmt":"2023-01-27T01:39:03","slug":"desserts","status":"publish","type":"page","link":"https:\/\/www.ilpastaro.de\/shop2\/our-menu\/desserts\/","title":{"rendered":"Desserts"},"content":{"rendered":"<p style=\"text-align: center;\"><a href=\"https:\/\/www.ilpastaro.de\/shop2\/wp-content\/uploads\/2014\/09\/tiramisu.png\"><img loading=\"lazy\" decoding=\"async\" class=\"alignnone size-full wp-image-1061\" src=\"https:\/\/www.ilpastaro.de\/shop2\/wp-content\/uploads\/2014\/09\/tiramisu.png\" alt=\"tiramisu\" width=\"1270\" height=\"329\" srcset=\"https:\/\/www.ilpastaro.de\/shop2\/wp-content\/uploads\/2014\/09\/tiramisu.png 1024w, https:\/\/www.ilpastaro.de\/shop2\/wp-content\/uploads\/2014\/09\/tiramisu-300x78.png 300w, https:\/\/www.ilpastaro.de\/shop2\/wp-content\/uploads\/2014\/09\/tiramisu-250x65.png 250w\" sizes=\"auto, (max-width: 1270px) 100vw, 1270px\" \/><\/a><\/p>\n<h3 style=\"text-align: center;\"><strong>(<\/strong><strong><span class=\"st\"><em>alle preise verstehen sich inkl. <span class=\"ILfuVd\"><span class=\"e24Kjd\"><b>MwSt<\/b>.<\/span><\/span>. ab 12\u20ac Versandkostenfrei<\/em><\/span><\/strong><strong><span class=\"st\"><em>)<\/em><\/span><\/strong><\/h3>\n<h3 style=\"text-align: center;\"><strong><span class=\"st\"><em>\u00a0<\/em><\/span><\/strong><\/h3>\n<h3 style=\"text-align: center;\"><strong><span class=\"st\"><em>\u00a0<\/em><\/span><\/strong><\/h3>\n<article id=\"post-35\" class=\"wppizza-article wppizza-article-default  wppizza-article-first wppizza-article-desserts wppizza-article-desserts-6 wppizza_menu-desserts wppizza_menu-term-6 entry-content post-35 wppizza type-wppizza status-publish has-post-thumbnail hentry description-off\"><div id=\"wppizza-article-img-35\" class=\"wppizza-article-image\"><a href=\"https:\/\/www.ilpastaro.de\/shop2\/wp-content\/uploads\/2015\/05\/cassata.jpg\" rel=\"wpzpp-dessert-d\" title=\"Cassata Siciliana\"><img loading=\"lazy\" decoding=\"async\" width=\"64\" height=\"64\" src=\"https:\/\/www.ilpastaro.de\/shop2\/wp-content\/uploads\/2015\/05\/cassata-64x64.jpg\" class=\"wppizza-article-image-thumb wp-post-image\" alt=\"\" title=\"Cassata Siciliana\" \/><\/a><\/div><h2 id=\"wppizza-article-1-6-35-5-0\" class=\"wppizza-article-h2  wppizza-trigger-click\"><span class=\"wppizza-article-title\">Cassata Siciliana<\/span><sup id=\"wppizza-article-additives-35\" class=\"wppizza-article-additives\" title=\"Zusatzstoffliste\"><span id=\"wppizza-article-additive-35-0\" class=\"wppizza-article-additive wppizza-article-additive-0\"  title=\"A \u2013 Glutenhaltiges Getreide\" >1<\/span><span id=\"wppizza-article-additive-35-6\" class=\"wppizza-article-additive wppizza-article-additive-6\"  title=\"G-Milch \" >7<\/span><\/sup><\/h2><div id=\"wppizza-article-sizes-35\" class=\"wppizza-article-sizes wppizza-article-prices-5\"><ul><li id=\"wppizza-article-prices-35\" class=\"wppizza-article-prices\" ><ul><li id=\"wppizza-1-6-35-5-0\" class=\"wppizza-article-price wppizza-article-price-5-0 wppizza-price-35-0 wppizza-add-to-cart\"  title=\"In in den Warenkorb\"  data-id=\"1.6.35.5.0\" ><span class=\"\">6,50<\/span><div class=\"wppizza-article-size\"><\/div><\/li><\/ul><\/li><li class=\"wppizza-article-price-currency wppizza-article-price-left\">\u20ac<\/li><\/ul><\/div><div id=\"wppizza-article-content-35\" class=\"wppizza-article-content\"><p>Traditionelle sizilianische Eiscremespeise aus einer Lage Zabaione-Eiscreme, einer Lage Schokolade Eiscreme und einer Eiscreme mit kandierten Kirsch-, Orangen- und Haselnussst\u00fcckchen.<\/p>\n<\/div><\/article><article id=\"post-33\" class=\"wppizza-article wppizza-article-default  wppizza-article-desserts wppizza-article-desserts-6 wppizza_menu-desserts wppizza_menu-term-6 entry-content post-33 wppizza type-wppizza status-publish has-post-thumbnail hentry description-off\"><div id=\"wppizza-article-img-33\" class=\"wppizza-article-image\"><a href=\"https:\/\/www.ilpastaro.de\/shop2\/wp-content\/uploads\/2014\/09\/tartufo.jpg\" rel=\"wpzpp-dessert-b\" title=\"Tartufo Classico\"><img loading=\"lazy\" decoding=\"async\" width=\"64\" height=\"64\" src=\"https:\/\/www.ilpastaro.de\/shop2\/wp-content\/uploads\/2014\/09\/tartufo-64x64.jpg\" class=\"wppizza-article-image-thumb wp-post-image\" alt=\"\" title=\"Tartufo Classico\" srcset=\"https:\/\/www.ilpastaro.de\/shop2\/wp-content\/uploads\/2014\/09\/tartufo-64x64.jpg 64w, https:\/\/www.ilpastaro.de\/shop2\/wp-content\/uploads\/2014\/09\/tartufo-300x300.jpg 300w, https:\/\/www.ilpastaro.de\/shop2\/wp-content\/uploads\/2014\/09\/tartufo-114x114.jpg 114w, https:\/\/www.ilpastaro.de\/shop2\/wp-content\/uploads\/2014\/09\/tartufo.jpg 500w\" sizes=\"auto, (max-width: 64px) 100vw, 64px\" \/><\/a><\/div><h2 id=\"wppizza-article-1-6-33-5-0\" class=\"wppizza-article-h2  wppizza-trigger-click\"><span class=\"wppizza-article-title\">Tartufo Classico<\/span><sup id=\"wppizza-article-additives-33\" class=\"wppizza-article-additives\" title=\"Zusatzstoffliste\"><span id=\"wppizza-article-additive-33-0\" class=\"wppizza-article-additive wppizza-article-additive-0\"  title=\"A \u2013 Glutenhaltiges Getreide\" >1<\/span><span id=\"wppizza-article-additive-33-6\" class=\"wppizza-article-additive wppizza-article-additive-6\"  title=\"G-Milch \" >7<\/span><span id=\"wppizza-article-additive-33-7\" class=\"wppizza-article-additive wppizza-article-additive-7\"  title=\"H \u2013 Schalenfr\u00fcchte\" >8<\/span><\/sup><\/h2><div id=\"wppizza-article-sizes-33\" class=\"wppizza-article-sizes wppizza-article-prices-5\"><ul><li id=\"wppizza-article-prices-33\" class=\"wppizza-article-prices\" ><ul><li id=\"wppizza-1-6-33-5-0\" class=\"wppizza-article-price wppizza-article-price-5-0 wppizza-price-33-0 wppizza-add-to-cart\"  title=\"In in den Warenkorb\"  data-id=\"1.6.33.5.0\" ><span class=\"\">6,50<\/span><div class=\"wppizza-article-size\"><\/div><\/li><\/ul><\/li><li class=\"wppizza-article-price-currency wppizza-article-price-left\">\u20ac<\/li><\/ul><\/div><div id=\"wppizza-article-content-33\" class=\"wppizza-article-content\"><p>Schokoladenso\u00dfe gef\u00fcllten Vanilleeiskugel, die wiederum mit einer Schicht aus Schokoladeneis umh\u00fcllt und mit Kakao best\u00e4ubt ist.<\/p>\n<\/div><\/article><article id=\"post-34\" class=\"wppizza-article wppizza-article-default  wppizza-article-last wppizza-article-desserts wppizza-article-desserts-6 wppizza_menu-desserts wppizza_menu-term-6 entry-content post-34 wppizza type-wppizza status-publish has-post-thumbnail hentry description-off\"><div id=\"wppizza-article-img-34\" class=\"wppizza-article-image\"><a href=\"https:\/\/www.ilpastaro.de\/shop2\/wp-content\/uploads\/2014\/09\/limoncello.jpg\" rel=\"wpzpp-dessert-c\" title=\"Tartufo Limoncello\"><img loading=\"lazy\" decoding=\"async\" width=\"64\" height=\"64\" src=\"https:\/\/www.ilpastaro.de\/shop2\/wp-content\/uploads\/2014\/09\/limoncello-64x64.jpg\" class=\"wppizza-article-image-thumb wp-post-image\" alt=\"\" title=\"Tartufo Limoncello\" srcset=\"https:\/\/www.ilpastaro.de\/shop2\/wp-content\/uploads\/2014\/09\/limoncello-64x64.jpg 64w, https:\/\/www.ilpastaro.de\/shop2\/wp-content\/uploads\/2014\/09\/limoncello-300x300.jpg 300w, https:\/\/www.ilpastaro.de\/shop2\/wp-content\/uploads\/2014\/09\/limoncello-114x114.jpg 114w, https:\/\/www.ilpastaro.de\/shop2\/wp-content\/uploads\/2014\/09\/limoncello.jpg 322w\" sizes=\"auto, (max-width: 64px) 100vw, 64px\" \/><\/a><\/div><h2 id=\"wppizza-article-1-6-34-5-0\" class=\"wppizza-article-h2  wppizza-trigger-click\"><span class=\"wppizza-article-title\">Tartufo Limoncello<\/span><sup id=\"wppizza-article-additives-34\" class=\"wppizza-article-additives\" title=\"Zusatzstoffliste\"><span id=\"wppizza-article-additive-34-0\" class=\"wppizza-article-additive wppizza-article-additive-0\"  title=\"A \u2013 Glutenhaltiges Getreide\" >1<\/span><span id=\"wppizza-article-additive-34-6\" class=\"wppizza-article-additive wppizza-article-additive-6\"  title=\"G-Milch \" >7<\/span><span id=\"wppizza-article-additive-34-7\" class=\"wppizza-article-additive wppizza-article-additive-7\"  title=\"H \u2013 Schalenfr\u00fcchte\" >8<\/span><\/sup><\/h2><div id=\"wppizza-article-sizes-34\" class=\"wppizza-article-sizes wppizza-article-prices-5\"><ul><li id=\"wppizza-article-prices-34\" class=\"wppizza-article-prices\" ><ul><li id=\"wppizza-1-6-34-5-0\" class=\"wppizza-article-price wppizza-article-price-5-0 wppizza-price-34-0 wppizza-add-to-cart\"  title=\"In in den Warenkorb\"  data-id=\"1.6.34.5.0\" ><span class=\"\">6,50<\/span><div class=\"wppizza-article-size\"><\/div><\/li><\/ul><\/li><li class=\"wppizza-article-price-currency wppizza-article-price-left\">\u20ac<\/li><\/ul><\/div><div id=\"wppizza-article-content-34\" class=\"wppizza-article-content\"><p>Klassisches Halbgefrorenes aus Limonencreme, mit einem Kern aus Limonenlik\u00f6r, bedeckt mit Limonen-Baiserst\u00fcckchen.<\/p>\n<\/div><\/article><div class=\"wppizza-additives wppizza-additives-default\"><span class=\"wppizza-additive wppizza-additive-0\"><sup>1<\/sup>A \u2013 Glutenhaltiges Getreide<\/span><span class=\"wppizza-additive wppizza-additive-6\"><sup>7<\/sup>G-Milch <\/span><span class=\"wppizza-additive wppizza-additive-7\"><sup>8<\/sup>H \u2013 Schalenfr\u00fcchte<\/span><\/div>\n<p><code><\/code><\/p>\n","protected":false},"excerpt":{"rendered":"<p>(alle preise verstehen sich inkl. MwSt.. ab 12\u20ac Versandkostenfrei) \u00a0 \u00a0<\/p>\n","protected":false},"author":1,"featured_media":0,"parent":50,"menu_order":4,"comment_status":"closed","ping_status":"closed","template":"","meta":{"_joinchat":[],"footnotes":""},"class_list":["post-56","page","type-page","status-publish","hentry","description-off"],"_links":{"self":[{"href":"https:\/\/www.ilpastaro.de\/shop2\/wp-json\/wp\/v2\/pages\/56","targetHints":{"allow":["GET"]}}],"collection":[{"href":"https:\/\/www.ilpastaro.de\/shop2\/wp-json\/wp\/v2\/pages"}],"about":[{"href":"https:\/\/www.ilpastaro.de\/shop2\/wp-json\/wp\/v2\/types\/page"}],"author":[{"embeddable":true,"href":"https:\/\/www.ilpastaro.de\/shop2\/wp-json\/wp\/v2\/users\/1"}],"replies":[{"embeddable":true,"href":"https:\/\/www.ilpastaro.de\/shop2\/wp-json\/wp\/v2\/comments?post=56"}],"version-history":[{"count":11,"href":"https:\/\/www.ilpastaro.de\/shop2\/wp-json\/wp\/v2\/pages\/56\/revisions"}],"predecessor-version":[{"id":1949,"href":"https:\/\/www.ilpastaro.de\/shop2\/wp-json\/wp\/v2\/pages\/56\/revisions\/1949"}],"up":[{"embeddable":true,"href":"https:\/\/www.ilpastaro.de\/shop2\/wp-json\/wp\/v2\/pages\/50"}],"wp:attachment":[{"href":"https:\/\/www.ilpastaro.de\/shop2\/wp-json\/wp\/v2\/media?parent=56"}],"curies":[{"name":"wp","href":"https:\/\/api.w.org\/{rel}","templated":true}]}}