{"id":1193,"date":"2016-04-05T03:13:15","date_gmt":"2016-04-05T01:13:15","guid":{"rendered":"https:\/\/www.ilpastaro.de\/shop2\/?page_id=1193"},"modified":"2023-02-07T11:27:50","modified_gmt":"2023-02-07T10:27:50","slug":"cookie-richtlinie","status":"publish","type":"page","link":"https:\/\/www.ilpastaro.de\/shop2\/cookie-richtlinie\/","title":{"rendered":"Cookie-Richtlinie"},"content":{"rendered":"<h2 style=\"text-align: center;\"><span style=\"text-decoration: underline; color: #ff0000;\">Cookie-Richtlinie<\/span><\/h2>\n<h3>In dieser Richtlinie verwenden wir den Begriff \u201cCookies\u201d f\u00fcr Cookies und andere \u00e4hnliche Technologien, die von der EU-Richtlinie \u00fcber die Verarbeitung personenbezogener Daten und den Schutz der Privatsph\u00e4re in der elektronischen Kommunikation erfasst werden.<\/h3>\n<h3><span style=\"text-decoration: underline; color: #ff0000;\">Was ist ein Cookie?<\/span><\/h3>\n<h3>Cookies sind kleine Textdateien, die von der besuchten Website geschaffen werden und Daten enthalten. Sie werden auf dem Computer des Besuchers gespeichert, um dem Benutzer Zugang zu verschiedenen Funktionen zu bieten. Auf unseren Websites werden sowohl Session Cookies als auch dauerhafte Cookies verwendet. Ein Session Cookie wird vor\u00fcbergehend auf dem Computer gespeichert, w\u00e4hrend der Besucher durch die Website navigiert. Dieses Cookie wird gel\u00f6scht, wenn der Benutzer seinen Internet-Browser schlie\u00dft oder nach Ablauf einer bestimmten Zeit (d. h., wenn die Session abl\u00e4uft). Ein dauerhaftes Cookie bleibt auf dem Computer des Besuchers, bis es gel\u00f6scht wird.<\/h3>\n<h3><span style=\"color: #ff0000;\">Warum verwenden wir Cookies?<\/span><\/h3>\n<h3>Wir verwenden Cookies, um mehr \u00fcber die Interaktion von Besuchern mit unseren Inhalten zu erfahren und die Besuchserfahrung in Bezug auf unsere Website zu verbessern.<\/h3>\n<h3><span style=\"text-decoration: underline;\"><span style=\"color: #ff0000; text-decoration: underline;\">Funktionen und Inhalte der Website<\/span><\/span><\/h3>\n<h3>Die Share-Funktion wird von Besuchern verwendet, um unsere Sites und Inhalte in sozialen Netzwerken wie Facebook und Twitter weiterzuempfehlen. Damit die Website verbessert werden kann, speichern Cookies Informationen dar\u00fcber, wie Besucher die Share-Funktion verwenden. Diese Daten werden jedoch nicht auf individueller Ebene erfasst. Falls Sie keine Cookies akzeptieren, werden keine Informationen gespeichert. F\u00fcr einige der Funktionen innerhalb unserer Websites nutzen wir Drittanbieter, zum Beispiel wenn Sie eine Seite mit aus YouTube stammenden Videos oder mit Links zu YouTube besuchen. Diese Videos bzw. Links (und andere Inhalte von Drittanbietern) k\u00f6nnen Cookies der Drittanbieter enthalten und Sie sollten die Richtlinien dieser Drittanbieter-Websites durchlesen, um Informationen \u00fcber deren Verwendung von Cookies zu erhalten.<\/h3>\n<h3><span style=\"text-decoration: underline;\"><span style=\"color: #ff0000; text-decoration: underline;\">Wie kann ich Cookies ablehnen und l\u00f6schen?<\/span><\/span><\/h3>\n<h3><strong>Wir verwenden Cookies grunds\u00e4tzlich nicht zur Sammlung personenbezogener Informationen \u00fcber einen Besucher. Falls Sie es w\u00fcnschen, k\u00f6nnen Sie durch \u00c4nderung Ihrer Browser-Einstellungen die von Il Pastaro oder den Websites von Drittanbietern eingesetzten Cookies ablehnen oder sperren &#8211; mehr dazu erfahren Sie in der &#8222;Hilfe- Funktion&#8220; Ihres Browsers. Beachten Sie bitte, dass die meisten Browser Cookies automatisch akzeptieren. Falls Sie also den Einsatz von Cookies unterdr\u00fccken m\u00f6chten, m\u00fcssen Sie m\u00f6glicherweise Cookies aktiv l\u00f6schen oder blockieren. Weitere Informationen \u00fcber die Verwendung von Cookies in den Browsern von Mobiltelefonen und \u00fcber die M\u00f6glichkeiten, solche Cookies abzulehnen oder zu l\u00f6schen, finden Sie im Handbuch Ihres Mobiltelefons. Beachten Sie jedoch, dass Sie, wenn Sie die Verwendung von Cookies ablehnen, unsere Websites zwar weiter besuchen k\u00f6nnen, einige Funktionen jedoch in ihrer Arbeitsweise beeintr\u00e4chtigt sein k\u00f6nnten<\/strong><\/h3>\n","protected":false},"excerpt":{"rendered":"<p>Cookie-Richtlinie In dieser Richtlinie verwenden wir den Begriff \u201cCookies\u201d f\u00fcr Cookies und andere \u00e4hnliche Technologien, die von der EU-Richtlinie \u00fcber die Verarbeitung personenbezogener Daten und den Schutz der Privatsph\u00e4re in der elektronischen Kommunikation erfasst werden. Was ist ein Cookie? Cookies sind kleine Textdateien, die von der besuchten Website geschaffen werden und Daten enthalten. Sie werden&hellip;<\/p>\n","protected":false},"author":1,"featured_media":0,"parent":0,"menu_order":0,"comment_status":"closed","ping_status":"closed","template":"","meta":{"_joinchat":[],"footnotes":""},"class_list":["post-1193","page","type-page","status-publish","hentry","description-off"],"_links":{"self":[{"href":"https:\/\/www.ilpastaro.de\/shop2\/wp-json\/wp\/v2\/pages\/1193","targetHints":{"allow":["GET"]}}],"collection":[{"href":"https:\/\/www.ilpastaro.de\/shop2\/wp-json\/wp\/v2\/pages"}],"about":[{"href":"https:\/\/www.ilpastaro.de\/shop2\/wp-json\/wp\/v2\/types\/page"}],"author":[{"embeddable":true,"href":"https:\/\/www.ilpastaro.de\/shop2\/wp-json\/wp\/v2\/users\/1"}],"replies":[{"embeddable":true,"href":"https:\/\/www.ilpastaro.de\/shop2\/wp-json\/wp\/v2\/comments?post=1193"}],"version-history":[{"count":4,"href":"https:\/\/www.ilpastaro.de\/shop2\/wp-json\/wp\/v2\/pages\/1193\/revisions"}],"predecessor-version":[{"id":1198,"href":"https:\/\/www.ilpastaro.de\/shop2\/wp-json\/wp\/v2\/pages\/1193\/revisions\/1198"}],"wp:attachment":[{"href":"https:\/\/www.ilpastaro.de\/shop2\/wp-json\/wp\/v2\/media?parent=1193"}],"curies":[{"name":"wp","href":"https:\/\/api.w.org\/{rel}","templated":true}]}}